{"id":31,"date":"2015-07-20T05:30:13","date_gmt":"2015-07-20T05:30:13","guid":{"rendered":"http:\/\/dummy.wedesignthemes.com\/veda\/university\/?page_id=31"},"modified":"2022-05-30T12:53:21","modified_gmt":"2022-05-30T10:53:21","slug":"la-escuela","status":"publish","type":"page","link":"https:\/\/amcmusikaeskoladonostia.com\/es\/la-escuela","title":{"rendered":"La escuela"},"content":{"rendered":"<p>[vc_row full_width=&#8221;stretch_row&#8221; css=&#8221;.vc_custom_1653062571153{padding-top: 50px !important;padding-bottom: 50px !important;background-position: center !important;background-repeat: no-repeat !important;background-size: cover !important;}&#8221; addstyles=&#8221;background-position:left top;&#8221;][vc_column css=&#8221;.vc_custom_1653062692561{background-position: center !important;background-repeat: no-repeat !important;background-size: cover !important;}&#8221;]<h2>Escuela de m\u00fasica moderna en Donostia<\/h2>[vc_column_text css=&#8221;.vc_custom_1653907997688{margin-bottom: 10px !important;}&#8221;]<\/p>\n<p style=\"text-align: justify;\">La escuela de m\u00fasica nace en Donostia en el 2018 con el nombre de AMC y ya en 2021 cambia\u00a0 y pasa a llamarse AMC Musika Eskola Donostia para dar un paso m\u00e1s all\u00e1 en la oferta educativa de la ciudad, facilitando los estudios de m\u00fasica realmente moderna como el rock, metal, blues, funk, punk, pop y muchos otros estilos y variantes interpretativas que no se encuentran en los temarios de las escuelas de m\u00fasica convencionales.<\/p>\n<p style=\"text-align: justify;\">En nuestra escuela podr\u00e1s aprender el teorema musical desde las bases hasta sus m\u00e1s avanzadas teor\u00edas as\u00ed como aprender a tocar el instrumento que prefieras escogiendo recibir clases de guitarra el\u00e9ctrica, guitarra ac\u00fastica, bajo el\u00e9ctrico, bater\u00eda y r\u00edtmica, piano, teclado y entrenar tu voz para el canto moderno.<\/p>\n<p style=\"text-align: justify;\">AMC Musika eskola Donostia, est\u00e1 situada en el barrio de Gros en Donostia en un lugar privilegiado por sus buenas comunicaciones con el transporte urbano. Haz clic <em><strong><a href=\"https:\/\/www.google.es\/maps\/place\/AMC+Musika+Eskola+Donostia\/@43.3245486,-1.9726904,17z\/data=!3m2!4b1!5s0xd51a542f840b1b3:0x46a77a896a563d5!4m5!3m4!1s0xd51a5fcda1389df:0x6d39bbc9a3c86490!8m2!3d43.3245447!4d-1.9705017?hl=es\" target=\"_blank\" rel=\"noopener\">aqu\u00ed<\/a> <\/strong><\/em>si quieres m\u00e1s informaci\u00f3n sobre la ubicaci\u00f3n de la escuela. Si quieres puedes <em><strong><a href=\"https:\/\/amcmusikaeskoladonostia.com\/es\/contacto\/\">ponerte en contacto con la escuela<\/a><\/strong><\/em> desde la secci\u00f3n correspondiente.<\/p>\n<p>[\/vc_column_text]<div class='dt-sc-hr-invisible-small '> <\/div><img width=\"2500\" height=\"1786\" src=\"https:\/\/amcmusikaeskoladonostia.com\/wp-content\/uploads\/2022\/05\/2022-Foto-recepcion-Logo-Nuevo.jpg\" class=\"aligncenter attachment-full\" alt=\"\" decoding=\"async\" loading=\"lazy\" srcset=\"https:\/\/amcmusikaeskoladonostia.com\/wp-content\/uploads\/2022\/05\/2022-Foto-recepcion-Logo-Nuevo.jpg 2500w, https:\/\/amcmusikaeskoladonostia.com\/wp-content\/uploads\/2022\/05\/2022-Foto-recepcion-Logo-Nuevo-300x214.jpg 300w, https:\/\/amcmusikaeskoladonostia.com\/wp-content\/uploads\/2022\/05\/2022-Foto-recepcion-Logo-Nuevo-1024x732.jpg 1024w, https:\/\/amcmusikaeskoladonostia.com\/wp-content\/uploads\/2022\/05\/2022-Foto-recepcion-Logo-Nuevo-768x549.jpg 768w, https:\/\/amcmusikaeskoladonostia.com\/wp-content\/uploads\/2022\/05\/2022-Foto-recepcion-Logo-Nuevo-1536x1097.jpg 1536w, https:\/\/amcmusikaeskoladonostia.com\/wp-content\/uploads\/2022\/05\/2022-Foto-recepcion-Logo-Nuevo-2048x1463.jpg 2048w\" sizes=\"(max-width: 2500px) 100vw, 2500px\" \/>[\/vc_column][\/vc_row]<\/p>\n","protected":false},"excerpt":{"rendered":"<p>[vc_row full_width=&#8221;stretch_row&#8221; css=&#8221;.vc_custom_1653062571153{padding-top: 50px !important;padding-bottom: 50px !important;background-position: center !important;background-repeat: no-repeat !important;background-size: cover !important;}&#8221; addstyles=&#8221;background-position:left top;&#8221;][vc_column css=&#8221;.vc_custom_1653062692561{background-position: center !important;background-repeat: no-repeat !important;background-size: cover !important;}&#8221;][vc_column_text css=&#8221;.vc_custom_1653907997688{margin-bottom: 10px !important;}&#8221;] La escuela de m\u00fasica nace [&hellip;]<\/p>\n","protected":false},"author":1,"featured_media":0,"parent":0,"menu_order":0,"comment_status":"open","ping_status":"open","template":"","meta":[],"_links":{"self":[{"href":"https:\/\/amcmusikaeskoladonostia.com\/es\/wp-json\/wp\/v2\/pages\/31"}],"collection":[{"href":"https:\/\/amcmusikaeskoladonostia.com\/es\/wp-json\/wp\/v2\/pages"}],"about":[{"href":"https:\/\/amcmusikaeskoladonostia.com\/es\/wp-json\/wp\/v2\/types\/page"}],"author":[{"embeddable":true,"href":"https:\/\/amcmusikaeskoladonostia.com\/es\/wp-json\/wp\/v2\/users\/1"}],"replies":[{"embeddable":true,"href":"https:\/\/amcmusikaeskoladonostia.com\/es\/wp-json\/wp\/v2\/comments?post=31"}],"version-history":[{"count":0,"href":"https:\/\/amcmusikaeskoladonostia.com\/es\/wp-json\/wp\/v2\/pages\/31\/revisions"}],"wp:attachment":[{"href":"https:\/\/amcmusikaeskoladonostia.com\/es\/wp-json\/wp\/v2\/media?parent=31"}],"curies":[{"name":"wp","href":"https:\/\/api.w.org\/{rel}","templated":true}]}}