{"id":7453,"date":"2021-10-20T10:35:45","date_gmt":"2021-10-20T08:35:45","guid":{"rendered":"https:\/\/amcmusikaeskoladonostia.com\/?page_id=7453"},"modified":"2022-05-30T12:57:50","modified_gmt":"2022-05-30T10:57:50","slug":"guitarra-electrica-y-acustica","status":"publish","type":"page","link":"https:\/\/amcmusikaeskoladonostia.com\/es\/clases\/guitarra-electrica-y-acustica","title":{"rendered":"Guitarra el\u00e9ctrica y ac\u00fastica"},"content":{"rendered":"<p>[vc_row full_width=&#8221;stretch_row&#8221; css=&#8221;.vc_custom_1634720299859{padding-top: 100px !important;padding-bottom: 100px !important;background-image: url(https:\/\/amcmusikaeskoladonostia.com\/wp-content\/uploads\/2021\/10\/bg-clases-guitarra.jpg?id=7456) !important;}&#8221;][vc_column][vc_custom_heading text=&#8221;Clases de Guitarra El\u00e9ctrica y Ac\u00fastica&#8221; font_container=&#8221;tag:h1|text_align:center|color:%23ffffff&#8221; use_theme_fonts=&#8221;yes&#8221; css=&#8221;.vc_custom_1634720313097{padding-top: 40px !important;padding-bottom: 40px !important;background-color: rgba(0,0,0,0.66) !important;*background-color: rgb(0,0,0) !important;}&#8221;][\/vc_column][\/vc_row][vc_row equal_height=&#8221;yes&#8221; content_placement=&#8221;middle&#8221; css=&#8221;.vc_custom_1634719756524{padding-top: 30px !important;padding-bottom: 30px !important;}&#8221;][vc_column width=&#8221;1\/2&#8243;][vc_column_text]<\/p>\n<h2 style=\"text-align: justify;\">Clases de guitarra<\/h2>\n<p style=\"text-align: justify;\">Aprender\u00e1s a tocar la guitarra haci\u00e9ndola sonar como m\u00e1s te gusta. Podr\u00e1s elegir el estilo que prefieres para marcar la tendencia de las clases y poder adaptar el aprendizaje a tus gustos y necesidades. Te ense\u00f1aremos las mejores t\u00e9cnicas y teor\u00eda musical de tu estilo para que puedas llegar a tocar como los mejores.<\/p>\n<ul class=\"cuadro-info\">\n<li style=\"text-align: justify;\"><strong>T\u00e9cnica<\/strong>: te ense\u00f1aremos a ejercitar tus manos y dedos con la guitarra para ganar t\u00e9cnica y agilidad con el instrumento. Aprender\u00e1s a corregir las posturas y a ejecutar las t\u00e9cnicas mas importantes: ritmos, arpegios, tapping, legato, picking, sweeppicking, palanca, efectos, etc&#8230;<\/li>\n<li style=\"text-align: justify;\"><strong>Teor\u00eda musical<\/strong>: veremos toda la teor\u00eda necesaria para entender la m\u00fasica y el instrumento, como progresiones, acordes, inversiones, composici\u00f3n, etc&#8230;<\/li>\n<li style=\"text-align: justify;\"><strong>Estilo<\/strong>: enfocaremos parte de las clases a reforzar el estilo musical elegido por el alumno para focalizar los estudios a sus gustos y se estudiar\u00e1n composiciones de otros guitarristas que sean influencia y referentes del estilo elegido<\/li>\n<\/ul>\n<p>[\/vc_column_text][\/vc_column][vc_column width=&#8221;1\/2&#8243;][vc_single_image image=&#8221;7459&#8243; img_size=&#8221;full&#8221; alignment=&#8221;center&#8221; css_animation=&#8221;fadeInRight&#8221;][\/vc_column][\/vc_row][vc_row][vc_column][vc_separator style=&#8221;dashed&#8221; border_width=&#8221;2&#8243; el_width=&#8221;80&#8243;][\/vc_column][\/vc_row][vc_row equal_height=&#8221;yes&#8221; content_placement=&#8221;middle&#8221; css=&#8221;.vc_custom_1634720167136{padding-top: 30px !important;padding-bottom: 30px !important;}&#8221;][vc_column width=&#8221;1\/2&#8243;][vc_single_image image=&#8221;7460&#8243; img_size=&#8221;full&#8221; alignment=&#8221;center&#8221; css_animation=&#8221;fadeInLeft&#8221;][\/vc_column][vc_column width=&#8221;1\/2&#8243;][vc_column_text]<\/p>\n<h2 style=\"text-align: justify;\">Clases de guitarra oficiales RockSchool<\/h2>\n<p style=\"text-align: justify;\">Nuestra escuela cuenta con la titulaci\u00f3n oficial RockSchool UK para poder formar de manera reglada a quien quiera realizar sus clases de guitarra de manera profesional siguiendo el temario marcado en cada curso y asistiendo a los ex\u00e1menes oficiales para certificar cada grado.<\/p>\n<ul class=\"cuadro-info\">\n<li style=\"text-align: justify;\">Para seguir la formaci\u00f3n profesional es necesario estudiar todas las asignaturas del plan educativo y realizar los ex\u00e1menes correspondientes de cada una de ellas<\/li>\n<li style=\"text-align: justify;\"><a href=\"https:\/\/amcmusikaeskoladonostia.com\/es\/contacto\/\">M\u00e1s informaci\u00f3n sobre la formaci\u00f3n oficial RockSchool<\/a><\/li>\n<li style=\"text-align: justify;\">(*) Los precios de las clases no incluyen el material did\u00e1ctico y los ex\u00e1menes oficiales RockSchool que deber\u00e1n ser abonados por separado<\/li>\n<\/ul>\n<p>[\/vc_column_text][\/vc_column][\/vc_row]<\/p>\n","protected":false},"excerpt":{"rendered":"<p>[vc_row full_width=&#8221;stretch_row&#8221; css=&#8221;.vc_custom_1634720299859{padding-top: 100px !important;padding-bottom: 100px !important;background-image: url(https:\/\/amcmusikaeskoladonostia.com\/wp-content\/uploads\/2021\/10\/bg-clases-guitarra.jpg?id=7456) !important;}&#8221;][vc_column][vc_custom_heading text=&#8221;Clases de Guitarra El\u00e9ctrica y Ac\u00fastica&#8221; font_container=&#8221;tag:h1|text_align:center|color:%23ffffff&#8221; use_theme_fonts=&#8221;yes&#8221; css=&#8221;.vc_custom_1634720313097{padding-top: 40px !important;padding-bottom: 40px !important;background-color: rgba(0,0,0,0.66) !important;*background-color: rgb(0,0,0) !important;}&#8221;][\/vc_column][\/vc_row][vc_row equal_height=&#8221;yes&#8221; content_placement=&#8221;middle&#8221; css=&#8221;.vc_custom_1634719756524{padding-top: 30px [&hellip;]<\/p>\n","protected":false},"author":1,"featured_media":0,"parent":6782,"menu_order":0,"comment_status":"closed","ping_status":"closed","template":"","meta":[],"_links":{"self":[{"href":"https:\/\/amcmusikaeskoladonostia.com\/es\/wp-json\/wp\/v2\/pages\/7453"}],"collection":[{"href":"https:\/\/amcmusikaeskoladonostia.com\/es\/wp-json\/wp\/v2\/pages"}],"about":[{"href":"https:\/\/amcmusikaeskoladonostia.com\/es\/wp-json\/wp\/v2\/types\/page"}],"author":[{"embeddable":true,"href":"https:\/\/amcmusikaeskoladonostia.com\/es\/wp-json\/wp\/v2\/users\/1"}],"replies":[{"embeddable":true,"href":"https:\/\/amcmusikaeskoladonostia.com\/es\/wp-json\/wp\/v2\/comments?post=7453"}],"version-history":[{"count":0,"href":"https:\/\/amcmusikaeskoladonostia.com\/es\/wp-json\/wp\/v2\/pages\/7453\/revisions"}],"up":[{"embeddable":true,"href":"https:\/\/amcmusikaeskoladonostia.com\/es\/wp-json\/wp\/v2\/pages\/6782"}],"wp:attachment":[{"href":"https:\/\/amcmusikaeskoladonostia.com\/es\/wp-json\/wp\/v2\/media?parent=7453"}],"curies":[{"name":"wp","href":"https:\/\/api.w.org\/{rel}","templated":true}]}}