{"id":7468,"date":"2021-10-20T11:18:31","date_gmt":"2021-10-20T09:18:31","guid":{"rendered":"https:\/\/amcmusikaeskoladonostia.com\/?page_id=7468"},"modified":"2021-10-25T10:40:41","modified_gmt":"2021-10-25T08:40:41","slug":"bajo","status":"publish","type":"page","link":"https:\/\/amcmusikaeskoladonostia.com\/es\/clases\/bajo","title":{"rendered":"Bajo"},"content":{"rendered":"<p>[vc_row full_width=&#8221;stretch_row&#8221; css=&#8221;.vc_custom_1634721461613{padding-top: 100px !important;padding-bottom: 100px !important;background-image: url(https:\/\/amcmusikaeskoladonostia.com\/wp-content\/uploads\/2021\/10\/bg-clases-de-bajo.jpg?id=7469) !important;}&#8221;][vc_column][vc_custom_heading text=&#8221;Clases de Bajo&#8221; font_container=&#8221;tag:h1|text_align:center|color:%23ffffff&#8221; use_theme_fonts=&#8221;yes&#8221; css=&#8221;.vc_custom_1634721250736{padding-top: 40px !important;padding-bottom: 40px !important;background-color: rgba(0,0,0,0.66) !important;*background-color: rgb(0,0,0) !important;}&#8221;][\/vc_column][\/vc_row][vc_row equal_height=&#8221;yes&#8221; content_placement=&#8221;middle&#8221; css=&#8221;.vc_custom_1634719756524{padding-top: 30px !important;padding-bottom: 30px !important;}&#8221;][vc_column width=&#8221;1\/2&#8243;][vc_column_text]<\/p>\n<h2 style=\"text-align: justify;\">Clases de bajo<\/h2>\n<p style=\"text-align: justify;\">En nuestras clases de bajo el\u00e9ctrico practicar\u00e1s m\u00faltiples ejercicios t\u00e9cnicos como tapping, slap, percusi\u00f3n y percuteo de mano derecha, etc.. para llegar a dominar este instrumento b\u00e1sico en cualquier banda de m\u00fasica moderna que se precie.<\/p>\n<p style=\"text-align: justify;\">Aprender\u00e1s a realizar acordes y bases r\u00edtmicas as\u00ed como a conocer las l\u00edneas arm\u00f3nicas, progresiones e inversiones, los modos y todo tipo de escalas sin olvidarnos de la composici\u00f3n y acompa\u00f1amiento musical en todos los estilos.<\/p>\n<p style=\"text-align: justify;\">Todos los ejercicios practicados en las clases se escriben en solfeo y\/o en tabulado para que el alumno pueda practicar en casa en todo momento lo aprendido. Se har\u00e1n interpretaciones del instrumento en las audiciones\/conciertos que se realicen durante el curso.<\/p>\n<p>[\/vc_column_text][\/vc_column][vc_column width=&#8221;1\/2&#8243;][vc_single_image image=&#8221;7470&#8243; img_size=&#8221;full&#8221; alignment=&#8221;center&#8221; css_animation=&#8221;fadeInRight&#8221;][\/vc_column][\/vc_row][vc_row][vc_column][vc_separator style=&#8221;dashed&#8221; border_width=&#8221;2&#8243; el_width=&#8221;80&#8243;][\/vc_column][\/vc_row][vc_row equal_height=&#8221;yes&#8221; content_placement=&#8221;middle&#8221; css=&#8221;.vc_custom_1634720167136{padding-top: 30px !important;padding-bottom: 30px !important;}&#8221;][vc_column width=&#8221;1\/2&#8243;][vc_single_image image=&#8221;7471&#8243; img_size=&#8221;full&#8221; alignment=&#8221;center&#8221; css_animation=&#8221;fadeInLeft&#8221;][\/vc_column][vc_column width=&#8221;1\/2&#8243;][vc_column_text]<\/p>\n<h2 style=\"text-align: justify;\">Clases de bajo oficiales RockSchool<\/h2>\n<p style=\"text-align: justify;\">Nuestra escuela cuenta con la titulaci\u00f3n oficial RockSchool UK para poder formar de manera reglada a quien quiera realizar sus clases de bajo de manera profesional siguiendo el temario marcado en cada curso y asistiendo a los ex\u00e1menes oficiales para certificar cada grado.<\/p>\n<ul class=\"cuadro-info\">\n<li style=\"text-align: justify;\">Para seguir la formaci\u00f3n profesional es necesario estudiar todas las asignaturas del plan educativo y realizar los ex\u00e1menes correspondientes de cada una de ellas<\/li>\n<li style=\"text-align: justify;\"><a href=\"https:\/\/amcmusikaeskoladonostia.com\/es\/titulaciones\/\">Obtener m\u00e1s informaci\u00f3n acerca de la formaci\u00f3n oficial RockSchool<\/a><\/li>\n<li style=\"text-align: justify;\">(*) Los precios de las clases no incluyen el material did\u00e1ctico y los ex\u00e1menes oficiales RockSchool que deber\u00e1n ser abonados por separado<\/li>\n<\/ul>\n<p>[\/vc_column_text][\/vc_column][\/vc_row]<\/p>\n","protected":false},"excerpt":{"rendered":"<p>[vc_row full_width=&#8221;stretch_row&#8221; css=&#8221;.vc_custom_1634721461613{padding-top: 100px !important;padding-bottom: 100px !important;background-image: url(https:\/\/amcmusikaeskoladonostia.com\/wp-content\/uploads\/2021\/10\/bg-clases-de-bajo.jpg?id=7469) !important;}&#8221;][vc_column][vc_custom_heading text=&#8221;Clases de Bajo&#8221; font_container=&#8221;tag:h1|text_align:center|color:%23ffffff&#8221; use_theme_fonts=&#8221;yes&#8221; css=&#8221;.vc_custom_1634721250736{padding-top: 40px !important;padding-bottom: 40px !important;background-color: rgba(0,0,0,0.66) !important;*background-color: rgb(0,0,0) !important;}&#8221;][\/vc_column][\/vc_row][vc_row equal_height=&#8221;yes&#8221; content_placement=&#8221;middle&#8221; css=&#8221;.vc_custom_1634719756524{padding-top: 30px !important;padding-bottom: 30px !important;}&#8221;][vc_column [&hellip;]<\/p>\n","protected":false},"author":1,"featured_media":0,"parent":6782,"menu_order":0,"comment_status":"closed","ping_status":"closed","template":"","meta":[],"_links":{"self":[{"href":"https:\/\/amcmusikaeskoladonostia.com\/es\/wp-json\/wp\/v2\/pages\/7468"}],"collection":[{"href":"https:\/\/amcmusikaeskoladonostia.com\/es\/wp-json\/wp\/v2\/pages"}],"about":[{"href":"https:\/\/amcmusikaeskoladonostia.com\/es\/wp-json\/wp\/v2\/types\/page"}],"author":[{"embeddable":true,"href":"https:\/\/amcmusikaeskoladonostia.com\/es\/wp-json\/wp\/v2\/users\/1"}],"replies":[{"embeddable":true,"href":"https:\/\/amcmusikaeskoladonostia.com\/es\/wp-json\/wp\/v2\/comments?post=7468"}],"version-history":[{"count":0,"href":"https:\/\/amcmusikaeskoladonostia.com\/es\/wp-json\/wp\/v2\/pages\/7468\/revisions"}],"up":[{"embeddable":true,"href":"https:\/\/amcmusikaeskoladonostia.com\/es\/wp-json\/wp\/v2\/pages\/6782"}],"wp:attachment":[{"href":"https:\/\/amcmusikaeskoladonostia.com\/es\/wp-json\/wp\/v2\/media?parent=7468"}],"curies":[{"name":"wp","href":"https:\/\/api.w.org\/{rel}","templated":true}]}}