{"id":7482,"date":"2021-10-20T11:32:11","date_gmt":"2021-10-20T09:32:11","guid":{"rendered":"https:\/\/amcmusikaeskoladonostia.com\/?page_id=7482"},"modified":"2021-10-25T10:43:01","modified_gmt":"2021-10-25T08:43:01","slug":"teclado","status":"publish","type":"page","link":"https:\/\/amcmusikaeskoladonostia.com\/es\/clases\/teclado","title":{"rendered":"Teclado"},"content":{"rendered":"<p>[vc_row full_width=&#8221;stretch_row&#8221; css=&#8221;.vc_custom_1634722289413{padding-top: 100px !important;padding-bottom: 100px !important;background-image: url(https:\/\/amcmusikaeskoladonostia.com\/wp-content\/uploads\/2021\/10\/bg-clases-de-teclado.jpg?id=7484) !important;}&#8221;][vc_column][vc_custom_heading text=&#8221;Clases de Teclado&#8221; font_container=&#8221;tag:h1|text_align:center|color:%23ffffff&#8221; use_theme_fonts=&#8221;yes&#8221; css=&#8221;.vc_custom_1634722229602{padding-top: 40px !important;padding-bottom: 40px !important;background-color: rgba(0,0,0,0.66) !important;*background-color: rgb(0,0,0) !important;}&#8221;][\/vc_column][\/vc_row][vc_row equal_height=&#8221;yes&#8221; content_placement=&#8221;middle&#8221; css=&#8221;.vc_custom_1634719756524{padding-top: 30px !important;padding-bottom: 30px !important;}&#8221;][vc_column width=&#8221;1\/2&#8243;][vc_column_text]<\/p>\n<h2 style=\"text-align: justify;\">Clases de teclado<\/h2>\n<p style=\"text-align: justify;\">Aprende a tocar el teclado para crear tus propias composiciones y\/o acompa\u00f1ar a tu banda sea cual sea el estilo musical de la misma. Nos especializamos en la m\u00fasica Rock y todas sus variantes, pero podr\u00e1s aprender y trabajar cualquier estilo que prefieras desde cl\u00e1sico y jazz hasta blues, rock, lat\u00edn o metal.<\/p>\n<p style=\"text-align: justify;\">Las t\u00e9cnicas m\u00e1s incre\u00edbles y las configuraciones m\u00e1s conocidas para tocar como tus \u00eddolos. Aprender\u00e1s a manejar tu teclado como todo un experto.<\/p>\n<p style=\"text-align: justify;\">Todos los ejercicios practicados en las clases se escriben en solfeo y\/o en tabulado para que el alumno pueda practicar en casa en todo momento lo aprendido. Se har\u00e1n interpretaciones del instrumento en las audiciones\/conciertos que se realicen durante el curso.<\/p>\n<p>[\/vc_column_text][\/vc_column][vc_column width=&#8221;1\/2&#8243;][vc_single_image image=&#8221;7483&#8243; img_size=&#8221;full&#8221; alignment=&#8221;center&#8221; css_animation=&#8221;fadeInRight&#8221;][\/vc_column][\/vc_row][vc_row][vc_column][vc_separator style=&#8221;dashed&#8221; border_width=&#8221;2&#8243; el_width=&#8221;80&#8243;][\/vc_column][\/vc_row][vc_row equal_height=&#8221;yes&#8221; content_placement=&#8221;middle&#8221; css=&#8221;.vc_custom_1634720167136{padding-top: 30px !important;padding-bottom: 30px !important;}&#8221;][vc_column width=&#8221;1\/2&#8243;][vc_single_image image=&#8221;7485&#8243; img_size=&#8221;full&#8221; alignment=&#8221;center&#8221; css_animation=&#8221;fadeInLeft&#8221;][\/vc_column][vc_column width=&#8221;1\/2&#8243;][vc_column_text]<\/p>\n<h2 style=\"text-align: justify;\">Clases de teclado oficiales RockSchool<\/h2>\n<p style=\"text-align: justify;\">Nuestra escuela cuenta con la titulaci\u00f3n oficial RockSchool UK para poder formar de manera reglada a quien quiera realizar sus clases de teclado de manera profesional siguiendo el temario marcado en cada curso y asistiendo a los ex\u00e1menes oficiales para certificar cada grado.<\/p>\n<ul class=\"cuadro-info\">\n<li style=\"text-align: justify;\">Para seguir la formaci\u00f3n profesional es necesario estudiar todas las asignaturas del plan educativo y realizar los ex\u00e1menes correspondientes de cada una de ellas<\/li>\n<li style=\"text-align: justify;\"><a href=\"https:\/\/amcmusikaeskoladonostia.com\/es\/titulaciones\/\">M\u00e1s informaci\u00f3n sobre la formaci\u00f3n oficial RockSchool<\/a><\/li>\n<li style=\"text-align: justify;\">(*) Los precios de las clases no incluyen el material did\u00e1ctico y los ex\u00e1menes oficiales RockSchool que deber\u00e1n ser abonados por separado<\/li>\n<\/ul>\n<p>[\/vc_column_text][\/vc_column][\/vc_row]<\/p>\n","protected":false},"excerpt":{"rendered":"<p>[vc_row full_width=&#8221;stretch_row&#8221; css=&#8221;.vc_custom_1634722289413{padding-top: 100px !important;padding-bottom: 100px !important;background-image: url(https:\/\/amcmusikaeskoladonostia.com\/wp-content\/uploads\/2021\/10\/bg-clases-de-teclado.jpg?id=7484) !important;}&#8221;][vc_column][vc_custom_heading text=&#8221;Clases de Teclado&#8221; font_container=&#8221;tag:h1|text_align:center|color:%23ffffff&#8221; use_theme_fonts=&#8221;yes&#8221; css=&#8221;.vc_custom_1634722229602{padding-top: 40px !important;padding-bottom: 40px !important;background-color: rgba(0,0,0,0.66) !important;*background-color: rgb(0,0,0) !important;}&#8221;][\/vc_column][\/vc_row][vc_row equal_height=&#8221;yes&#8221; content_placement=&#8221;middle&#8221; css=&#8221;.vc_custom_1634719756524{padding-top: 30px !important;padding-bottom: 30px !important;}&#8221;][vc_column [&hellip;]<\/p>\n","protected":false},"author":1,"featured_media":0,"parent":6782,"menu_order":0,"comment_status":"closed","ping_status":"closed","template":"","meta":[],"_links":{"self":[{"href":"https:\/\/amcmusikaeskoladonostia.com\/es\/wp-json\/wp\/v2\/pages\/7482"}],"collection":[{"href":"https:\/\/amcmusikaeskoladonostia.com\/es\/wp-json\/wp\/v2\/pages"}],"about":[{"href":"https:\/\/amcmusikaeskoladonostia.com\/es\/wp-json\/wp\/v2\/types\/page"}],"author":[{"embeddable":true,"href":"https:\/\/amcmusikaeskoladonostia.com\/es\/wp-json\/wp\/v2\/users\/1"}],"replies":[{"embeddable":true,"href":"https:\/\/amcmusikaeskoladonostia.com\/es\/wp-json\/wp\/v2\/comments?post=7482"}],"version-history":[{"count":0,"href":"https:\/\/amcmusikaeskoladonostia.com\/es\/wp-json\/wp\/v2\/pages\/7482\/revisions"}],"up":[{"embeddable":true,"href":"https:\/\/amcmusikaeskoladonostia.com\/es\/wp-json\/wp\/v2\/pages\/6782"}],"wp:attachment":[{"href":"https:\/\/amcmusikaeskoladonostia.com\/es\/wp-json\/wp\/v2\/media?parent=7482"}],"curies":[{"name":"wp","href":"https:\/\/api.w.org\/{rel}","templated":true}]}}