{"id":7488,"date":"2021-10-20T11:37:20","date_gmt":"2021-10-20T09:37:20","guid":{"rendered":"https:\/\/amcmusikaeskoladonostia.com\/?page_id=7488"},"modified":"2021-10-20T11:37:20","modified_gmt":"2021-10-20T09:37:20","slug":"ukelele","status":"publish","type":"page","link":"https:\/\/amcmusikaeskoladonostia.com\/es\/clases\/ukelele","title":{"rendered":"Ukelele"},"content":{"rendered":"<p>[vc_row full_width=&#8221;stretch_row&#8221; css=&#8221;.vc_custom_1634722565200{padding-top: 100px !important;padding-bottom: 100px !important;background-image: url(https:\/\/amcmusikaeskoladonostia.com\/wp-content\/uploads\/2021\/10\/bg-clases-de-ukelele.jpg?id=7489) !important;}&#8221;][vc_column][vc_custom_heading text=&#8221;Clases de Ukelele&#8221; font_container=&#8221;tag:h1|text_align:center|color:%23ffffff&#8221; use_theme_fonts=&#8221;yes&#8221; css=&#8221;.vc_custom_1634722546901{padding-top: 40px !important;padding-bottom: 40px !important;background-color: rgba(0,0,0,0.66) !important;*background-color: rgb(0,0,0) !important;}&#8221;][\/vc_column][\/vc_row][vc_row equal_height=&#8221;yes&#8221; content_placement=&#8221;middle&#8221; css=&#8221;.vc_custom_1634719756524{padding-top: 30px !important;padding-bottom: 30px !important;}&#8221;][vc_column width=&#8221;1\/2&#8243;][vc_column_text]<\/p>\n<h2 style=\"text-align: justify;\">Clases de ukelele<\/h2>\n<p style=\"text-align: justify;\">En nuestras clases de Ukelele podr\u00e1s aprender a tocar este divertido instrumento, puedes llegar a conseguir hacer ritmos, melod\u00edas, acordes y tambi\u00e9n interpretar canciones modernas. Las clases est\u00e1n pensadas para un nivel inicial de ukelele de principiante o nulo.<\/p>\n<p style=\"text-align: justify;\">El objetivo del curso es aprender fundamentos musicales te\u00f3ricos y t\u00e9cnica b\u00e1sica del instrumento.<\/p>\n<ul class=\"cuadro-info\">\n<li style=\"text-align: justify;\"><strong>Objetivos te\u00f3ricos<\/strong><\/li>\n<li style=\"text-align: justify;\">Bases del solfeo: Las notas musicales, la escala mayor, menor y pentat\u00f3nica, lectura de partituras b\u00e1sica (ritmos y notas), intervalos<\/li>\n<li style=\"text-align: justify;\">Teor\u00eda aplicada al instrumento: Las notas del m\u00e1stil, las escaleras al ukulele y los acordes<\/li>\n<\/ul>\n<p>[\/vc_column_text][\/vc_column][vc_column width=&#8221;1\/2&#8243;][vc_single_image image=&#8221;7490&#8243; img_size=&#8221;full&#8221; alignment=&#8221;center&#8221; css_animation=&#8221;fadeInRight&#8221;][\/vc_column][\/vc_row]<\/p>\n","protected":false},"excerpt":{"rendered":"<p>[vc_row full_width=&#8221;stretch_row&#8221; css=&#8221;.vc_custom_1634722565200{padding-top: 100px !important;padding-bottom: 100px !important;background-image: url(https:\/\/amcmusikaeskoladonostia.com\/wp-content\/uploads\/2021\/10\/bg-clases-de-ukelele.jpg?id=7489) !important;}&#8221;][vc_column][vc_custom_heading text=&#8221;Clases de Ukelele&#8221; font_container=&#8221;tag:h1|text_align:center|color:%23ffffff&#8221; use_theme_fonts=&#8221;yes&#8221; css=&#8221;.vc_custom_1634722546901{padding-top: 40px !important;padding-bottom: 40px !important;background-color: rgba(0,0,0,0.66) !important;*background-color: rgb(0,0,0) !important;}&#8221;][\/vc_column][\/vc_row][vc_row equal_height=&#8221;yes&#8221; content_placement=&#8221;middle&#8221; css=&#8221;.vc_custom_1634719756524{padding-top: 30px !important;padding-bottom: 30px !important;}&#8221;][vc_column [&hellip;]<\/p>\n","protected":false},"author":1,"featured_media":0,"parent":6782,"menu_order":0,"comment_status":"closed","ping_status":"closed","template":"","meta":[],"_links":{"self":[{"href":"https:\/\/amcmusikaeskoladonostia.com\/es\/wp-json\/wp\/v2\/pages\/7488"}],"collection":[{"href":"https:\/\/amcmusikaeskoladonostia.com\/es\/wp-json\/wp\/v2\/pages"}],"about":[{"href":"https:\/\/amcmusikaeskoladonostia.com\/es\/wp-json\/wp\/v2\/types\/page"}],"author":[{"embeddable":true,"href":"https:\/\/amcmusikaeskoladonostia.com\/es\/wp-json\/wp\/v2\/users\/1"}],"replies":[{"embeddable":true,"href":"https:\/\/amcmusikaeskoladonostia.com\/es\/wp-json\/wp\/v2\/comments?post=7488"}],"version-history":[{"count":0,"href":"https:\/\/amcmusikaeskoladonostia.com\/es\/wp-json\/wp\/v2\/pages\/7488\/revisions"}],"up":[{"embeddable":true,"href":"https:\/\/amcmusikaeskoladonostia.com\/es\/wp-json\/wp\/v2\/pages\/6782"}],"wp:attachment":[{"href":"https:\/\/amcmusikaeskoladonostia.com\/es\/wp-json\/wp\/v2\/media?parent=7488"}],"curies":[{"name":"wp","href":"https:\/\/api.w.org\/{rel}","templated":true}]}}