{"id":7492,"date":"2021-10-20T11:42:23","date_gmt":"2021-10-20T09:42:23","guid":{"rendered":"https:\/\/amcmusikaeskoladonostia.com\/?page_id=7492"},"modified":"2021-10-25T10:56:55","modified_gmt":"2021-10-25T08:56:55","slug":"canto-moderno","status":"publish","type":"page","link":"https:\/\/amcmusikaeskoladonostia.com\/es\/clases\/canto-moderno","title":{"rendered":"Canto moderno"},"content":{"rendered":"<p>[vc_row full_width=&#8221;stretch_row&#8221; css=&#8221;.vc_custom_1634722837558{padding-top: 100px !important;padding-bottom: 100px !important;background-image: url(https:\/\/amcmusikaeskoladonostia.com\/wp-content\/uploads\/2021\/10\/bg-clases-canto-moderno.jpg?id=7493) !important;}&#8221;][vc_column][vc_custom_heading text=&#8221;Clases de Canto Moderno&#8221; font_container=&#8221;tag:h1|text_align:center|color:%23ffffff&#8221; use_theme_fonts=&#8221;yes&#8221; css=&#8221;.vc_custom_1634722720789{padding-top: 40px !important;padding-bottom: 40px !important;background-color: rgba(0,0,0,0.66) !important;*background-color: rgb(0,0,0) !important;}&#8221;][\/vc_column][\/vc_row][vc_row equal_height=&#8221;yes&#8221; content_placement=&#8221;middle&#8221; css=&#8221;.vc_custom_1634719756524{padding-top: 30px !important;padding-bottom: 30px !important;}&#8221;][vc_column width=&#8221;1\/2&#8243;][vc_column_text]<\/p>\n<h2 style=\"text-align: justify;\">Clases de canto moderno<\/h2>\n<p style=\"text-align: justify;\">En nuestras clases de canto moderno veremos toda la amplitud te\u00f3rica del arte de cantar. Desde la parte m\u00e1s te\u00f3rica sobre el aparato fonador y como se construye el sonido a la respiraci\u00f3n y sincronizaci\u00f3n del ritmo.<\/p>\n<p style=\"text-align: justify;\">Aprender\u00e1s a tener un mayor control de las posiciones y su afectaci\u00f3n en la producci\u00f3n de la voz, as\u00ed como ejercicios para controlar la respiraci\u00f3n diafragm\u00e1tica y desarrollar un mayor control sobre la misma para mejorar tus interpretaciones y t\u00e9cnica vocal. Afinaci\u00f3n, rango vocal, falsete, vibrato, \u00a0armon\u00eda aplicada a la voz, relajaci\u00f3n y posici\u00f3n corporal,<\/p>\n<p style=\"text-align: justify;\">Estudiaremos todos los estilos y multitud de diferentes artistas con registros muy dispares entre ellos para entrenar todos los rangos vocales posibles.<\/p>\n<p>[\/vc_column_text][\/vc_column][vc_column width=&#8221;1\/2&#8243;][vc_single_image image=&#8221;7494&#8243; img_size=&#8221;full&#8221; alignment=&#8221;center&#8221; css_animation=&#8221;fadeInRight&#8221;][\/vc_column][\/vc_row][vc_row][vc_column][vc_separator style=&#8221;dashed&#8221; border_width=&#8221;2&#8243; el_width=&#8221;80&#8243;][\/vc_column][\/vc_row][vc_row equal_height=&#8221;yes&#8221; content_placement=&#8221;middle&#8221; css=&#8221;.vc_custom_1634720167136{padding-top: 30px !important;padding-bottom: 30px !important;}&#8221;][vc_column width=&#8221;1\/2&#8243;][vc_single_image image=&#8221;7495&#8243; img_size=&#8221;full&#8221; alignment=&#8221;center&#8221; css_animation=&#8221;fadeInLeft&#8221;][\/vc_column][vc_column width=&#8221;1\/2&#8243;][vc_column_text]<\/p>\n<h2 style=\"text-align: justify;\">Clases de canto oficiales RockSchool<\/h2>\n<p style=\"text-align: justify;\">Nuestra escuela cuenta con la titulaci\u00f3n oficial RockSchool UK para poder formar de manera reglada a quien quiera realizar sus clases de canto de manera profesional siguiendo el temario marcado en cada curso y asistiendo a los ex\u00e1menes oficiales para certificar cada grado.<\/p>\n<ul class=\"cuadro-info\">\n<li style=\"text-align: justify;\">Para seguir la formaci\u00f3n profesional es necesario estudiar todas las asignaturas del plan educativo y realizar los ex\u00e1menes correspondientes de cada una de ellas<\/li>\n<li style=\"text-align: justify;\"><a href=\"https:\/\/amcmusikaeskoladonostia.com\/es\/titulaciones\/\">Obtener m\u00e1s informaci\u00f3n acerca de la formaci\u00f3n oficial RockSchool<\/a><\/li>\n<li style=\"text-align: justify;\">(*) Los precios de las clases no incluyen el material did\u00e1ctico y los examenes oficiales RockSchool que deber\u00e1n ser abonados por separado<\/li>\n<\/ul>\n<p>[\/vc_column_text][\/vc_column][\/vc_row]<\/p>\n","protected":false},"excerpt":{"rendered":"<p>[vc_row full_width=&#8221;stretch_row&#8221; css=&#8221;.vc_custom_1634722837558{padding-top: 100px !important;padding-bottom: 100px !important;background-image: url(https:\/\/amcmusikaeskoladonostia.com\/wp-content\/uploads\/2021\/10\/bg-clases-canto-moderno.jpg?id=7493) !important;}&#8221;][vc_column][vc_custom_heading text=&#8221;Clases de Canto Moderno&#8221; font_container=&#8221;tag:h1|text_align:center|color:%23ffffff&#8221; use_theme_fonts=&#8221;yes&#8221; css=&#8221;.vc_custom_1634722720789{padding-top: 40px !important;padding-bottom: 40px !important;background-color: rgba(0,0,0,0.66) !important;*background-color: rgb(0,0,0) !important;}&#8221;][\/vc_column][\/vc_row][vc_row equal_height=&#8221;yes&#8221; content_placement=&#8221;middle&#8221; css=&#8221;.vc_custom_1634719756524{padding-top: 30px !important;padding-bottom: 30px [&hellip;]<\/p>\n","protected":false},"author":1,"featured_media":0,"parent":6782,"menu_order":0,"comment_status":"closed","ping_status":"closed","template":"","meta":[],"_links":{"self":[{"href":"https:\/\/amcmusikaeskoladonostia.com\/es\/wp-json\/wp\/v2\/pages\/7492"}],"collection":[{"href":"https:\/\/amcmusikaeskoladonostia.com\/es\/wp-json\/wp\/v2\/pages"}],"about":[{"href":"https:\/\/amcmusikaeskoladonostia.com\/es\/wp-json\/wp\/v2\/types\/page"}],"author":[{"embeddable":true,"href":"https:\/\/amcmusikaeskoladonostia.com\/es\/wp-json\/wp\/v2\/users\/1"}],"replies":[{"embeddable":true,"href":"https:\/\/amcmusikaeskoladonostia.com\/es\/wp-json\/wp\/v2\/comments?post=7492"}],"version-history":[{"count":0,"href":"https:\/\/amcmusikaeskoladonostia.com\/es\/wp-json\/wp\/v2\/pages\/7492\/revisions"}],"up":[{"embeddable":true,"href":"https:\/\/amcmusikaeskoladonostia.com\/es\/wp-json\/wp\/v2\/pages\/6782"}],"wp:attachment":[{"href":"https:\/\/amcmusikaeskoladonostia.com\/es\/wp-json\/wp\/v2\/media?parent=7492"}],"curies":[{"name":"wp","href":"https:\/\/api.w.org\/{rel}","templated":true}]}}